{"id":11946,"date":"2022-09-08T21:05:36","date_gmt":"2022-09-08T21:05:36","guid":{"rendered":"https:\/\/topgetestet.de\/?product=asics-herren-evoride-2-road-running-shoe-3"},"modified":"2022-09-08T21:05:36","modified_gmt":"2022-09-08T21:05:36","slug":"asics-herren-evoride-2-road-running-shoe-3","status":"publish","type":"product","link":"https:\/\/topgetestet.de\/?product=asics-herren-evoride-2-road-running-shoe-3","title":{"rendered":"ASICS Herren Evoride 2 Road Running Shoe"},"content":{"rendered":"<p>Price: <span style=\"color:#b12704\">[price_with_discount]<\/span><br \/><i><small>(as of [price_update_date] &#8211; <span class=\"wp_automatic_amazon_disclaimer\" title=\"Product prices and availability are accurate as of the date\/time indicated and are subject to change. Any price and availability information displayed on [relevant Amazon Site(s), as applicable] at the time of purchase will apply to the purchase of this product.\">Details<\/span>)<\/small><\/i><\/p>\n<p><a href=\"https:\/\/amazon.de\/dp\/B089TQTYS1?tag=topgetestet09-21\"><img decoding=\"async\" src=\"https:\/\/i.imgur.com\/ISRHEWs.png\"><\/a><br \/>\n[ad_1]<br \/>\n <span>Der Asics EVORIDE 2 ist einer von Asics klassischen und altbew\u00e4hrten Laufschuhen. In der neusten Version wurde noch leichteres Material mit den neusten Technologien kombiniert. Flytefoam und eine Gel-D\u00e4mpfung bieten idealen Komfort und eine perfekte R\u00fcckfederung. Dieser Schuh ist speziell f\u00fcr lange L\u00e4ufe konzipiert worden.<\/span> <br \/> Auslaufartikel (Produktion durch Hersteller eingestellt) \u200f : \u200e  Nein <br \/> Produktabmessungen \u200f : \u200e  1 x 1 x 1 cm; 650 Gramm <br \/> Im Angebot von Amazon.de seit \u200f : \u200e  5. November 2020 <br \/> Hersteller \u200f : \u200e  Asics <br \/> ASIN \u200f : \u200e  B089TR2NSW <br \/> Modellnummer \u200f : \u200e  1011B017-401 <br \/> Kategorie \u200f : \u200e  Herren <\/p>\n<p>Innenmaterial: Fabric<br \/>Sohle: Fabric<br \/>Verschluss: Schn\u00fcrung<br \/>Absatzform: Plateauabsatz<br \/>Materialzusammensetzung: Synthetik<br \/>Schuhweite: Normale<br \/>Nicht wasserfest<br \/>\n<br \/>[ad_2]<\/p>\n","protected":false},"excerpt":{"rendered":"<p>Price: [price_with_discount](as of [price_update_date] &#8211; Details) [ad_1] Der Asics EVORIDE 2 ist einer von Asics klassischen und altbew\u00e4hrten Laufschuhen. In der neusten Version wurde noch leichteres Material mit den neusten<\/p>\n","protected":false},"featured_media":11947,"comment_status":"open","ping_status":"closed","template":"","meta":[],"product_cat":[234],"product_tag":[235],"class_list":{"0":"post-11946","1":"product","2":"type-product","3":"status-publish","4":"has-post-thumbnail","6":"product_cat-shoes","7":"product_tag-mens-road-running-shoes","9":"first","10":"instock","11":"shipping-taxable","12":"product-type-external"},"aioseo_notices":[],"_links":{"self":[{"href":"https:\/\/topgetestet.de\/index.php?rest_route=\/wp\/v2\/product\/11946","targetHints":{"allow":["GET"]}}],"collection":[{"href":"https:\/\/topgetestet.de\/index.php?rest_route=\/wp\/v2\/product"}],"about":[{"href":"https:\/\/topgetestet.de\/index.php?rest_route=\/wp\/v2\/types\/product"}],"replies":[{"embeddable":true,"href":"https:\/\/topgetestet.de\/index.php?rest_route=%2Fwp%2Fv2%2Fcomments&post=11946"}],"wp:featuredmedia":[{"embeddable":true,"href":"https:\/\/topgetestet.de\/index.php?rest_route=\/wp\/v2\/media\/11947"}],"wp:attachment":[{"href":"https:\/\/topgetestet.de\/index.php?rest_route=%2Fwp%2Fv2%2Fmedia&parent=11946"}],"wp:term":[{"taxonomy":"product_cat","embeddable":true,"href":"https:\/\/topgetestet.de\/index.php?rest_route=%2Fwp%2Fv2%2Fproduct_cat&post=11946"},{"taxonomy":"product_tag","embeddable":true,"href":"https:\/\/topgetestet.de\/index.php?rest_route=%2Fwp%2Fv2%2Fproduct_tag&post=11946"}],"curies":[{"name":"wp","href":"https:\/\/api.w.org\/{rel}","templated":true}]}}