{"id":11538,"date":"2022-09-08T18:41:45","date_gmt":"2022-09-08T18:41:45","guid":{"rendered":"https:\/\/topgetestet.de\/?product=kate-lee-damen-coraly-l"},"modified":"2022-09-08T18:41:45","modified_gmt":"2022-09-08T18:41:45","slug":"kate-lee-damen-coraly-l","status":"publish","type":"product","link":"https:\/\/topgetestet.de\/?product=kate-lee-damen-coraly-l","title":{"rendered":"Kate Lee Damen coraly, L"},"content":{"rendered":"<p>Price: <span style=\"color:#b12704\">[price_with_discount]<\/span><br \/><i><small>(as of [price_update_date] &#8211; <span class=\"wp_automatic_amazon_disclaimer\" title=\"Product prices and availability are accurate as of the date\/time indicated and are subject to change. Any price and availability information displayed on [relevant Amazon Site(s), as applicable] at the time of purchase will apply to the purchase of this product.\">Details<\/span>)<\/small><\/i><\/p>\n<p><a href=\"https:\/\/amazon.de\/dp\/B084W4YPC1?tag=topgetestet09-21\"><img decoding=\"async\" src=\"https:\/\/i.imgur.com\/ISRHEWs.png\"><\/a><br \/>\n[ad_1]<br \/>\n <span>Rucksack aus Schafleder mit abnehmbarem und verstellbarem Schulterriemen. Innen: 1 Rei\u00dfverschlussfach, 3 Stecktaschen. Baumwollfutter Zubeh\u00f6r aus vergoldetem Metall. Ma\u00dfe: 22 x 15 x 30 cm.<\/span> <br \/> Im Angebot von Amazon.de seit \u200f : \u200e  18. Februar 2020 <br \/> Hersteller \u200f : \u200e  Kate Lee <br \/> ASIN \u200f : \u200e  B084W4YPMH <br \/> Kategorie \u200f : \u200e  Damen <\/p>\n<p>Verschluss: Magnetverschluss<br \/>Materialzusammensetzung: Baumwolle<br \/>Abnehmbar.<br \/>\n<br \/>[ad_2]<\/p>\n","protected":false},"excerpt":{"rendered":"<p>Price: [price_with_discount](as of [price_update_date] &#8211; Details) [ad_1] Rucksack aus Schafleder mit abnehmbarem und verstellbarem Schulterriemen. Innen: 1 Rei\u00dfverschlussfach, 3 Stecktaschen. Baumwollfutter Zubeh\u00f6r aus vergoldetem Metall. Ma\u00dfe: 22 x 15 x<\/p>\n","protected":false},"featured_media":11539,"comment_status":"open","ping_status":"closed","template":"","meta":[],"product_cat":[232],"product_tag":[],"class_list":{"0":"post-11538","1":"product","2":"type-product","3":"status-publish","4":"has-post-thumbnail","6":"product_cat-women-fashion","8":"first","9":"instock","10":"shipping-taxable","11":"product-type-external"},"aioseo_notices":[],"_links":{"self":[{"href":"https:\/\/topgetestet.de\/index.php?rest_route=\/wp\/v2\/product\/11538","targetHints":{"allow":["GET"]}}],"collection":[{"href":"https:\/\/topgetestet.de\/index.php?rest_route=\/wp\/v2\/product"}],"about":[{"href":"https:\/\/topgetestet.de\/index.php?rest_route=\/wp\/v2\/types\/product"}],"replies":[{"embeddable":true,"href":"https:\/\/topgetestet.de\/index.php?rest_route=%2Fwp%2Fv2%2Fcomments&post=11538"}],"wp:featuredmedia":[{"embeddable":true,"href":"https:\/\/topgetestet.de\/index.php?rest_route=\/wp\/v2\/media\/11539"}],"wp:attachment":[{"href":"https:\/\/topgetestet.de\/index.php?rest_route=%2Fwp%2Fv2%2Fmedia&parent=11538"}],"wp:term":[{"taxonomy":"product_cat","embeddable":true,"href":"https:\/\/topgetestet.de\/index.php?rest_route=%2Fwp%2Fv2%2Fproduct_cat&post=11538"},{"taxonomy":"product_tag","embeddable":true,"href":"https:\/\/topgetestet.de\/index.php?rest_route=%2Fwp%2Fv2%2Fproduct_tag&post=11538"}],"curies":[{"name":"wp","href":"https:\/\/api.w.org\/{rel}","templated":true}]}}