{"id":11297,"date":"2022-09-08T16:52:43","date_gmt":"2022-09-08T16:52:43","guid":{"rendered":"https:\/\/topgetestet.de\/?product=amazon-essentials-damen-curvy-skinny-jeans"},"modified":"2022-09-08T16:52:43","modified_gmt":"2022-09-08T16:52:43","slug":"amazon-essentials-damen-curvy-skinny-jeans","status":"publish","type":"product","link":"https:\/\/topgetestet.de\/?product=amazon-essentials-damen-curvy-skinny-jeans","title":{"rendered":"Amazon Essentials Damen Curvy Skinny Jeans"},"content":{"rendered":"<p>Price: <span style=\"color:#b12704\">[price_with_discount]<\/span><br \/><i><small>(as of [price_update_date] &#8211; <span class=\"wp_automatic_amazon_disclaimer\" title=\"Product prices and availability are accurate as of the date\/time indicated and are subject to change. Any price and availability information displayed on [relevant Amazon Site(s), as applicable] at the time of purchase will apply to the purchase of this product.\">Details<\/span>)<\/small><\/i><\/p>\n<p><a href=\"https:\/\/amazon.de\/dp\/B07ZG76DYH?tag=topgetestet09-21\"><img decoding=\"async\" src=\"https:\/\/i.imgur.com\/ISRHEWs.png\"><\/a><br \/>\n[ad_1]<br \/>\n <span>Amazon Essentials konzentriert sich darauf, erschwingliche, hochwertige und langlebige Alltagskleidung zu schaffen, auf die Sie sich verlassen k\u00f6nnen. Unsere Damenbekleidung umfasst Pullover aus Kaschmir, Fleece- und Daunenjacken und vieles mehr, einschlie\u00dflich Optionen in \u00dcbergr\u00f6\u00dfen. Unsere konsistente Gr\u00f6\u00dfe nimmt das R\u00e4tselraten beim Einkaufen und jedes St\u00fcck wird auf die Probe gestellt, um h\u00f6chste Anspr\u00fcche an Qualit\u00e4t und Komfort zu erf\u00fcllen.<\/span> <br \/> Verpackungsabmessungen \u200f : \u200e  34.1 x 28.2 x 4.3 cm; 410 Gramm <br \/> Im Angebot von Amazon.de seit \u200f : \u200e  24. August 2021 <br \/> Hersteller \u200f : \u200e  Amazon Essentials <br \/> ASIN \u200f : \u200e  B07ZG6VH16 <br \/> Modellnummer \u200f : \u200e  AE19113418 <br \/> Kategorie \u200f : \u200e  Damen <\/p>\n<p>[ad_2]<\/p>\n","protected":false},"excerpt":{"rendered":"<p>Price: [price_with_discount](as of [price_update_date] &#8211; Details) [ad_1] Amazon Essentials konzentriert sich darauf, erschwingliche, hochwertige und langlebige Alltagskleidung zu schaffen, auf die Sie sich verlassen k\u00f6nnen. Unsere Damenbekleidung umfasst Pullover aus<\/p>\n","protected":false},"featured_media":11298,"comment_status":"open","ping_status":"closed","template":"","meta":[],"product_cat":[232],"product_tag":[],"class_list":{"0":"post-11297","1":"product","2":"type-product","3":"status-publish","4":"has-post-thumbnail","6":"product_cat-women-fashion","8":"first","9":"instock","10":"shipping-taxable","11":"product-type-external"},"aioseo_notices":[],"_links":{"self":[{"href":"https:\/\/topgetestet.de\/index.php?rest_route=\/wp\/v2\/product\/11297","targetHints":{"allow":["GET"]}}],"collection":[{"href":"https:\/\/topgetestet.de\/index.php?rest_route=\/wp\/v2\/product"}],"about":[{"href":"https:\/\/topgetestet.de\/index.php?rest_route=\/wp\/v2\/types\/product"}],"replies":[{"embeddable":true,"href":"https:\/\/topgetestet.de\/index.php?rest_route=%2Fwp%2Fv2%2Fcomments&post=11297"}],"wp:featuredmedia":[{"embeddable":true,"href":"https:\/\/topgetestet.de\/index.php?rest_route=\/wp\/v2\/media\/11298"}],"wp:attachment":[{"href":"https:\/\/topgetestet.de\/index.php?rest_route=%2Fwp%2Fv2%2Fmedia&parent=11297"}],"wp:term":[{"taxonomy":"product_cat","embeddable":true,"href":"https:\/\/topgetestet.de\/index.php?rest_route=%2Fwp%2Fv2%2Fproduct_cat&post=11297"},{"taxonomy":"product_tag","embeddable":true,"href":"https:\/\/topgetestet.de\/index.php?rest_route=%2Fwp%2Fv2%2Fproduct_tag&post=11297"}],"curies":[{"name":"wp","href":"https:\/\/api.w.org\/{rel}","templated":true}]}}