{"id":11155,"date":"2022-09-08T16:01:57","date_gmt":"2022-09-08T16:01:57","guid":{"rendered":"https:\/\/topgetestet.de\/?product=cephalofair-cph0501-games-501-gloomhaven-jaws-of-the-lion"},"modified":"2022-09-08T16:01:57","modified_gmt":"2022-09-08T16:01:57","slug":"cephalofair-cph0501-games-501-gloomhaven-jaws-of-the-lion","status":"publish","type":"product","link":"https:\/\/topgetestet.de\/?product=cephalofair-cph0501-games-501-gloomhaven-jaws-of-the-lion","title":{"rendered":"Cephalofair CPH0501 Games 501 &#8211; Gloomhaven &#8211; Jaws of the Lion"},"content":{"rendered":"<p>Price: <span style=\"color:#b12704\">[price_with_discount]<\/span><br \/><i><small>(as of [price_update_date] &#8211; <span class=\"wp_automatic_amazon_disclaimer\" title=\"Product prices and availability are accurate as of the date\/time indicated and are subject to change. Any price and availability information displayed on [relevant Amazon Site(s), as applicable] at the time of purchase will apply to the purchase of this product.\">Details<\/span>)<\/small><\/i><\/p>\n<p><a href=\"https:\/\/amazon.de\/dp\/B088QSDB7S?tag=topgetestet09-21\"><img decoding=\"async\" src=\"https:\/\/i.imgur.com\/ISRHEWs.png\"><\/a><br \/>\n[ad_1]<br \/>\n <span>Gloomhaven Jaws of the Lion ist ein vollst\u00e4ndig eigenst\u00e4ndiges und kooperatives Kampagne Spiel des taktischen Kampfsets in der gleichen einzigartigen Fantasy-Welt wie sein Vorg\u00e4nger. Die Spieler werden die Rollen von 4 neuen geh\u00e4rteten S\u00f6ldnern \u00fcbernehmen und zusammen arbeiten, um durch eine neue Prequel-Kampagne voller Auswahl, Herausforderungen und Drehungen zu k\u00e4mpfen. Neue eingebaute Tutorials, Lernanleitung und Spielfl\u00e4chen-Szenariob\u00fccher erm\u00f6glichen es Spielern, schneller und einfacher in die Action zu springen als je zuvor. Spielbar als eigenst\u00e4ndiges Spiel oder als Erweiterung zu Gloomhaven<\/span> <br \/>Kooperatives Kampagne Spiel des taktischen Kampfsets im Gloomhaven Universum<br \/>Spielbar als eigenst\u00e4ndiges Spiel oder als Erweiterung zu Gloomhaven<br \/>Verpackungsabmessungen (L x B x H): 11.18 x 23.11 x 29.46 Zm<br \/>\n<br \/>[ad_2]<\/p>\n","protected":false},"excerpt":{"rendered":"<p>Price: [price_with_discount](as of [price_update_date] &#8211; Details) [ad_1] Gloomhaven Jaws of the Lion ist ein vollst\u00e4ndig eigenst\u00e4ndiges und kooperatives Kampagne Spiel des taktischen Kampfsets in der gleichen einzigartigen Fantasy-Welt wie sein<\/p>\n","protected":false},"featured_media":11156,"comment_status":"open","ping_status":"closed","template":"","meta":[],"product_cat":[227],"product_tag":[255],"class_list":{"0":"post-11155","1":"product","2":"type-product","3":"status-publish","4":"has-post-thumbnail","6":"product_cat-gaming","7":"product_tag-amazon-games","9":"first","10":"instock","11":"shipping-taxable","12":"product-type-external"},"aioseo_notices":[],"_links":{"self":[{"href":"https:\/\/topgetestet.de\/index.php?rest_route=\/wp\/v2\/product\/11155","targetHints":{"allow":["GET"]}}],"collection":[{"href":"https:\/\/topgetestet.de\/index.php?rest_route=\/wp\/v2\/product"}],"about":[{"href":"https:\/\/topgetestet.de\/index.php?rest_route=\/wp\/v2\/types\/product"}],"replies":[{"embeddable":true,"href":"https:\/\/topgetestet.de\/index.php?rest_route=%2Fwp%2Fv2%2Fcomments&post=11155"}],"wp:featuredmedia":[{"embeddable":true,"href":"https:\/\/topgetestet.de\/index.php?rest_route=\/wp\/v2\/media\/11156"}],"wp:attachment":[{"href":"https:\/\/topgetestet.de\/index.php?rest_route=%2Fwp%2Fv2%2Fmedia&parent=11155"}],"wp:term":[{"taxonomy":"product_cat","embeddable":true,"href":"https:\/\/topgetestet.de\/index.php?rest_route=%2Fwp%2Fv2%2Fproduct_cat&post=11155"},{"taxonomy":"product_tag","embeddable":true,"href":"https:\/\/topgetestet.de\/index.php?rest_route=%2Fwp%2Fv2%2Fproduct_tag&post=11155"}],"curies":[{"name":"wp","href":"https:\/\/api.w.org\/{rel}","templated":true}]}}