{"id":11051,"date":"2022-09-08T15:06:26","date_gmt":"2022-09-08T15:06:26","guid":{"rendered":"https:\/\/topgetestet.de\/?product=only-damen-onlnew-dallas-o-neck-cs-knt-short-dresses"},"modified":"2022-09-08T15:06:26","modified_gmt":"2022-09-08T15:06:26","slug":"only-damen-onlnew-dallas-o-neck-cs-knt-short-dresses","status":"publish","type":"product","link":"https:\/\/topgetestet.de\/?product=only-damen-onlnew-dallas-o-neck-cs-knt-short-dresses","title":{"rendered":"ONLY Damen Onlnew Dallas O-Neck Cs KNT Short Dresses"},"content":{"rendered":"<p>Price: <span style=\"color:#b12704\">[price_with_discount]<\/span><br \/><i><small>(as of [price_update_date] &#8211; <span class=\"wp_automatic_amazon_disclaimer\" title=\"Product prices and availability are accurate as of the date\/time indicated and are subject to change. Any price and availability information displayed on [relevant Amazon Site(s), as applicable] at the time of purchase will apply to the purchase of this product.\">Details<\/span>)<\/small><\/i><\/p>\n<p><a href=\"https:\/\/amazon.de\/dp\/B099VZ1R66?tag=topgetestet09-21\"><img decoding=\"async\" src=\"https:\/\/i.imgur.com\/ISRHEWs.png\"><\/a><br \/>\n[ad_1]<br \/>\n <span>Short Dresses in der Farbe Schwarz, Gr\u00f6\u00dfe XL, von der d\u00e4nischen Marke ONLY<\/span> <br \/> Verpackungsabmessungen \u200f : \u200e  38.79 x 32.1 x 3.3 cm; 250 Gramm <br \/> Im Angebot von Amazon.de seit \u200f : \u200e  20. Juli 2021 <br \/> Hersteller \u200f : \u200e  Bestseller A\/S <br \/> ASIN \u200f : \u200e  B099W7MHRW <br \/> Modellnummer \u200f : \u200e  15193608 <br \/> Kategorie \u200f : \u200e  Damen <\/p>\n<p>[ad_2]<\/p>\n","protected":false},"excerpt":{"rendered":"<p>Price: [price_with_discount](as of [price_update_date] &#8211; Details) [ad_1] Short Dresses in der Farbe Schwarz, Gr\u00f6\u00dfe XL, von der d\u00e4nischen Marke ONLY Verpackungsabmessungen \u200f : \u200e 38.79 x 32.1 x 3.3 cm;<\/p>\n","protected":false},"featured_media":11052,"comment_status":"open","ping_status":"closed","template":"","meta":[],"product_cat":[232],"product_tag":[],"class_list":{"0":"post-11051","1":"product","2":"type-product","3":"status-publish","4":"has-post-thumbnail","6":"product_cat-women-fashion","8":"first","9":"instock","10":"shipping-taxable","11":"product-type-external"},"aioseo_notices":[],"_links":{"self":[{"href":"https:\/\/topgetestet.de\/index.php?rest_route=\/wp\/v2\/product\/11051","targetHints":{"allow":["GET"]}}],"collection":[{"href":"https:\/\/topgetestet.de\/index.php?rest_route=\/wp\/v2\/product"}],"about":[{"href":"https:\/\/topgetestet.de\/index.php?rest_route=\/wp\/v2\/types\/product"}],"replies":[{"embeddable":true,"href":"https:\/\/topgetestet.de\/index.php?rest_route=%2Fwp%2Fv2%2Fcomments&post=11051"}],"wp:featuredmedia":[{"embeddable":true,"href":"https:\/\/topgetestet.de\/index.php?rest_route=\/wp\/v2\/media\/11052"}],"wp:attachment":[{"href":"https:\/\/topgetestet.de\/index.php?rest_route=%2Fwp%2Fv2%2Fmedia&parent=11051"}],"wp:term":[{"taxonomy":"product_cat","embeddable":true,"href":"https:\/\/topgetestet.de\/index.php?rest_route=%2Fwp%2Fv2%2Fproduct_cat&post=11051"},{"taxonomy":"product_tag","embeddable":true,"href":"https:\/\/topgetestet.de\/index.php?rest_route=%2Fwp%2Fv2%2Fproduct_tag&post=11051"}],"curies":[{"name":"wp","href":"https:\/\/api.w.org\/{rel}","templated":true}]}}