{"id":10736,"date":"2022-09-08T13:22:34","date_gmt":"2022-09-08T13:22:34","guid":{"rendered":"https:\/\/topgetestet.de\/?product=kena-bridge-of-spirits-deluxe-edition-playstation-5"},"modified":"2022-09-08T13:22:34","modified_gmt":"2022-09-08T13:22:34","slug":"kena-bridge-of-spirits-deluxe-edition-playstation-5","status":"publish","type":"product","link":"https:\/\/topgetestet.de\/?product=kena-bridge-of-spirits-deluxe-edition-playstation-5","title":{"rendered":"Kena: Bridge of Spirits (Deluxe Edition) &#8211; [Playstation 5]"},"content":{"rendered":"<p>Price: <span style=\"color:#b12704\">[price_with_discount]<\/span><br \/><i><small>(as of [price_update_date] &#8211; <span class=\"wp_automatic_amazon_disclaimer\" title=\"Product prices and availability are accurate as of the date\/time indicated and are subject to change. Any price and availability information displayed on [relevant Amazon Site(s), as applicable] at the time of purchase will apply to the purchase of this product.\">Details<\/span>)<\/small><\/i><\/p>\n<p><a href=\"https:\/\/amazon.de\/dp\/B09HSTM2T2?tag=topgetestet09-21\"><img decoding=\"async\" src=\"https:\/\/i.imgur.com\/ISRHEWs.png\"><\/a><br \/>\n[ad_1]<br \/>\n <span>Ein story-basiertes Action-Abenteuer, das Erkundung mit schnellen K\u00e4mpfen kombiniert. In der Rolle von Kena bauen sich Spieler nach und nach ihr Team aus sympathischen Geistergef\u00e4hrten namens &#8220;Rott&#8221; auf. Dadurch entwickeln sie ihre F\u00e4higkeiten und bekommen neue Mittel an die Hand, die Umwelt zu ver\u00e4ndern. Die junge Geisterf\u00fchrerin Kena reist auf der Suche nach dem heiligen Bergschrein in ein verlassenes Dorf. Sie versucht, die Geheimnisse dieser vergessenen Gemeinschaft inmitten eines \u00fcberwucherten Waldes zu entdecken, in dem Wandergeister gefangen sind.<\/span> <br \/> Alterseinstufung \u200f : \u200e  USK ab 12 freigegeben <br \/> Handbuch \u200f : \u200e  Deutsch <br \/> Produktabmessungen \u200f : \u200e  13.5 x 17 x 1.5 cm; 80 Gramm <br \/> Erscheinungstermin \u200f : \u200e  19. November 2021 <br \/> ASIN \u200f : \u200e  B09HSTM2T2 <br \/> Modellnummer \u200f : \u200e  66384 <br \/> Herkunftsland \u200f : \u200e  Deutschland <\/p>\n<p>Stelle dein Team zusammen: Finde und sammle die Rott, um m\u00e4chtige F\u00e4higkeiten zu erlangen, Entdeckungen zu machen und die Umwelt zu verwandeln.<br \/>Erkunde: Ein in Vergessenheit geratenes Dorf und ein seltsamer Fluch. Bediene dich der Macht des Geisterreichs, um diese einst majest\u00e4tische Welt wiederherzustellen.<br \/>Rasante K\u00e4mpfe: Divere Geister sind gefangen und k\u00f6nnen nicht weiterziehen und fordern Kena auf Schritt und Tritt heraus.<br \/>\n<br \/>[ad_2]<\/p>\n","protected":false},"excerpt":{"rendered":"<p>Price: [price_with_discount](as of [price_update_date] &#8211; Details) [ad_1] Ein story-basiertes Action-Abenteuer, das Erkundung mit schnellen K\u00e4mpfen kombiniert. In der Rolle von Kena bauen sich Spieler nach und nach ihr Team aus<\/p>\n","protected":false},"featured_media":10737,"comment_status":"open","ping_status":"closed","template":"","meta":[],"product_cat":[227],"product_tag":[261],"class_list":{"0":"post-10736","1":"product","2":"type-product","3":"status-publish","4":"has-post-thumbnail","6":"product_cat-gaming","7":"product_tag-playstation-legacy-games","9":"first","10":"instock","11":"shipping-taxable","12":"product-type-external"},"aioseo_notices":[],"_links":{"self":[{"href":"https:\/\/topgetestet.de\/index.php?rest_route=\/wp\/v2\/product\/10736","targetHints":{"allow":["GET"]}}],"collection":[{"href":"https:\/\/topgetestet.de\/index.php?rest_route=\/wp\/v2\/product"}],"about":[{"href":"https:\/\/topgetestet.de\/index.php?rest_route=\/wp\/v2\/types\/product"}],"replies":[{"embeddable":true,"href":"https:\/\/topgetestet.de\/index.php?rest_route=%2Fwp%2Fv2%2Fcomments&post=10736"}],"wp:featuredmedia":[{"embeddable":true,"href":"https:\/\/topgetestet.de\/index.php?rest_route=\/wp\/v2\/media\/10737"}],"wp:attachment":[{"href":"https:\/\/topgetestet.de\/index.php?rest_route=%2Fwp%2Fv2%2Fmedia&parent=10736"}],"wp:term":[{"taxonomy":"product_cat","embeddable":true,"href":"https:\/\/topgetestet.de\/index.php?rest_route=%2Fwp%2Fv2%2Fproduct_cat&post=10736"},{"taxonomy":"product_tag","embeddable":true,"href":"https:\/\/topgetestet.de\/index.php?rest_route=%2Fwp%2Fv2%2Fproduct_tag&post=10736"}],"curies":[{"name":"wp","href":"https:\/\/api.w.org\/{rel}","templated":true}]}}