{"id":10578,"date":"2022-09-08T12:28:06","date_gmt":"2022-09-08T12:28:06","guid":{"rendered":"https:\/\/topgetestet.de\/?product=new-world-steelbook-enthalt-kein-spiel"},"modified":"2022-09-08T12:28:06","modified_gmt":"2022-09-08T12:28:06","slug":"new-world-steelbook-enthalt-kein-spiel","status":"publish","type":"product","link":"https:\/\/topgetestet.de\/?product=new-world-steelbook-enthalt-kein-spiel","title":{"rendered":"New World &#8211; Steelbook &#8211; [enth\u00e4lt kein Spiel]"},"content":{"rendered":"<p>Price: <span style=\"color:#b12704\">[price_with_discount]<\/span><br \/><i><small>(as of [price_update_date] &#8211; <span class=\"wp_automatic_amazon_disclaimer\" title=\"Product prices and availability are accurate as of the date\/time indicated and are subject to change. Any price and availability information displayed on [relevant Amazon Site(s), as applicable] at the time of purchase will apply to the purchase of this product.\">Details<\/span>)<\/small><\/i><\/p>\n<p><a href=\"https:\/\/amazon.de\/dp\/B0883JX13V?tag=topgetestet09-21\"><img decoding=\"async\" src=\"https:\/\/i.imgur.com\/ISRHEWs.png\"><\/a><br \/>\n[ad_1]<br \/>\n Um die Gesamtbewertung der Sterne und die prozentuale Aufschl\u00fcsselung nach Sternen zu berechnen, verwenden wir keinen einfachen Durchschnitt. Stattdessen ber\u00fccksichtigt unser System beispielsweise, wie aktuell eine Bewertung ist und ob der Pr\u00fcfer den Artikel bei Amazon gekauft hat. Es wurden auch Bewertungen analysiert, um die Vertrauensw\u00fcrdigkeit zu \u00fcberpr\u00fcfen. <br \/> Alterseinstufung \u200f : \u200e  USK ab 0 freigegeben <br \/> Sprache \u200f : \u200e  Deutsch <br \/> Produktabmessungen \u200f : \u200e  19 x 13.6 x 1.4 cm; 80 Gramm <br \/> Erscheinungstermin \u200f : \u200e  28. September 2021 <br \/> ASIN \u200f : \u200e  B0883JX13V <br \/> Herstellerreferenz \u200f : \u200e  huang-ken-57 <br \/> Herkunftsland \u200f : \u200e  Deutschland <\/p>\n<p>Enth\u00e4lt Karte von Aeternum &#8211; der Welt, in der New World spielt &#8211; vom Art Director des Spiels designt<br \/>Kein Spiel enhalten &#8211; Es handelt sich nur um das Steelbook inklusive der Karte<br \/>Nur verf\u00fcgbar solange der Vorrat reicht<br \/>\n<br \/>[ad_2]<\/p>\n","protected":false},"excerpt":{"rendered":"<p>Price: [price_with_discount](as of [price_update_date] &#8211; Details) [ad_1] Um die Gesamtbewertung der Sterne und die prozentuale Aufschl\u00fcsselung nach Sternen zu berechnen, verwenden wir keinen einfachen Durchschnitt. Stattdessen ber\u00fccksichtigt unser System beispielsweise,<\/p>\n","protected":false},"featured_media":10579,"comment_status":"open","ping_status":"closed","template":"","meta":[],"product_cat":[227],"product_tag":[255],"class_list":{"0":"post-10578","1":"product","2":"type-product","3":"status-publish","4":"has-post-thumbnail","6":"product_cat-gaming","7":"product_tag-amazon-games","9":"first","10":"instock","11":"shipping-taxable","12":"product-type-external"},"aioseo_notices":[],"_links":{"self":[{"href":"https:\/\/topgetestet.de\/index.php?rest_route=\/wp\/v2\/product\/10578","targetHints":{"allow":["GET"]}}],"collection":[{"href":"https:\/\/topgetestet.de\/index.php?rest_route=\/wp\/v2\/product"}],"about":[{"href":"https:\/\/topgetestet.de\/index.php?rest_route=\/wp\/v2\/types\/product"}],"replies":[{"embeddable":true,"href":"https:\/\/topgetestet.de\/index.php?rest_route=%2Fwp%2Fv2%2Fcomments&post=10578"}],"wp:featuredmedia":[{"embeddable":true,"href":"https:\/\/topgetestet.de\/index.php?rest_route=\/wp\/v2\/media\/10579"}],"wp:attachment":[{"href":"https:\/\/topgetestet.de\/index.php?rest_route=%2Fwp%2Fv2%2Fmedia&parent=10578"}],"wp:term":[{"taxonomy":"product_cat","embeddable":true,"href":"https:\/\/topgetestet.de\/index.php?rest_route=%2Fwp%2Fv2%2Fproduct_cat&post=10578"},{"taxonomy":"product_tag","embeddable":true,"href":"https:\/\/topgetestet.de\/index.php?rest_route=%2Fwp%2Fv2%2Fproduct_tag&post=10578"}],"curies":[{"name":"wp","href":"https:\/\/api.w.org\/{rel}","templated":true}]}}