{"id":10489,"date":"2022-09-08T11:57:51","date_gmt":"2022-09-08T11:57:51","guid":{"rendered":"https:\/\/topgetestet.de\/?product=s-oliver-damen-5-5-23651-34-sneaker"},"modified":"2022-09-08T11:57:51","modified_gmt":"2022-09-08T11:57:51","slug":"s-oliver-damen-5-5-23651-34-sneaker","status":"publish","type":"product","link":"https:\/\/topgetestet.de\/?product=s-oliver-damen-5-5-23651-34-sneaker","title":{"rendered":"s.Oliver Damen 5-5-23651-34 Sneaker"},"content":{"rendered":"<p>Price: <span style=\"color:#b12704\">[price_with_discount]<\/span><br \/><i><small>(as of [price_update_date] &#8211; <span class=\"wp_automatic_amazon_disclaimer\" title=\"Product prices and availability are accurate as of the date\/time indicated and are subject to change. Any price and availability information displayed on [relevant Amazon Site(s), as applicable] at the time of purchase will apply to the purchase of this product.\">Details<\/span>)<\/small><\/i><\/p>\n<p><a href=\"https:\/\/amazon.de\/dp\/B07XHN6621?tag=topgetestet09-21\"><img decoding=\"async\" src=\"https:\/\/i.imgur.com\/ISRHEWs.png\"><\/a><br \/>\n[ad_1]<\/p>\n<p>       Produktbeschreibung des Herstellers <\/p>\n<p>          <img decoding=\"async\" alt=\"s.Oliver\" src=\"https:\/\/images-na.ssl-images-amazon.com\/images\/G\/01\/x-locale\/common\/grey-pixel.gif\" class=\"a-lazy-loaded\" data-src=\"https:\/\/m.media-amazon.com\/images\/S\/aplus-media\/vc\/320eed00-56fb-47e2-bd08-ddd5fe6ed0e4.__CR0,0,1250,375_PT0_SX600_V1___.png\"><\/p>\n<p>           <img decoding=\"async\" alt=\"s.Oliver\" src=\"https:\/\/m.media-amazon.com\/images\/S\/aplus-media\/vc\/320eed00-56fb-47e2-bd08-ddd5fe6ed0e4.__CR0,0,1250,375_PT0_SX600_V1___.png\"><\/p>\n<p>              <img decoding=\"async\" alt=\"sO\" src=\"https:\/\/images-na.ssl-images-amazon.com\/images\/G\/01\/x-locale\/common\/grey-pixel.gif\" class=\"a-lazy-loaded\" data-src=\"https:\/\/m.media-amazon.com\/images\/S\/aplus-media\/vc\/e595d688-c6e6-4941-acd1-4d89db01dc4d.__CR0,0,625,625_PT0_SX300_V1___.png\"><\/p>\n<p>               <img decoding=\"async\" alt=\"sO\" src=\"https:\/\/m.media-amazon.com\/images\/S\/aplus-media\/vc\/e595d688-c6e6-4941-acd1-4d89db01dc4d.__CR0,0,625,625_PT0_SX300_V1___.png\"><\/p>\n<h3 class=\"a-spacing-mini\"> s.Oliver \u2013 Eine Marke f\u00fcr die ganze Familie <\/h3>\n<p> s.Oliver f\u00fcllt Ihre W\u00fcnsche mit Leben und pr\u00e4sentiert Mode f\u00fcr die gesamte Familie, stets mit besonderem Fokus auf Tragbarkeit. <\/p>\n<p> Moderne Styles, die allen Anforderungen des Alltags gerecht werden und dabei stets den modischen Anspruch im Auge behalten. <\/p>\n<p> Die Marke ist l\u00e4ssig, authentisch und leicht zu kombinieren. Dabei zeigt sie sich modern, farbenfroh und sportiv. <\/p>\n<p> Eine Kollektion, mit der sich garantiert jeder wohl f\u00fchlt. <\/p>\n<h3 class=\"a-spacing-small\"> Produkttechnologie <\/h3>\n<p> <img decoding=\"async\" alt=\"sO\" src=\"https:\/\/images-na.ssl-images-amazon.com\/images\/G\/01\/x-locale\/common\/grey-pixel.gif\" class=\"a-lazy-loaded\" data-src=\"https:\/\/m.media-amazon.com\/images\/S\/aplus-media\/vc\/f8158db5-f6e2-49a9-a392-e6461d5e548b.__CR0,0,458,458_PT0_SX220_V1___.png\">\n                     <\/p>\n<p>                      <img decoding=\"async\" alt=\"sO\" src=\"https:\/\/m.media-amazon.com\/images\/S\/aplus-media\/vc\/f8158db5-f6e2-49a9-a392-e6461d5e548b.__CR0,0,458,458_PT0_SX220_V1___.png\"><\/p>\n<p> <img decoding=\"async\" alt=\"sO\" src=\"https:\/\/images-na.ssl-images-amazon.com\/images\/G\/01\/x-locale\/common\/grey-pixel.gif\" class=\"a-lazy-loaded\" data-src=\"https:\/\/m.media-amazon.com\/images\/S\/aplus-media\/vc\/f5b7938a-ad44-4284-b2f4-459584f985dd.__CR0,0,458,458_PT0_SX220_V1___.png\">\n                     <\/p>\n<p>                      <img decoding=\"async\" alt=\"sO\" src=\"https:\/\/m.media-amazon.com\/images\/S\/aplus-media\/vc\/f5b7938a-ad44-4284-b2f4-459584f985dd.__CR0,0,458,458_PT0_SX220_V1___.png\"><\/p>\n<p> <img decoding=\"async\" alt=\"sO\" src=\"https:\/\/images-na.ssl-images-amazon.com\/images\/G\/01\/x-locale\/common\/grey-pixel.gif\" class=\"a-lazy-loaded\" data-src=\"https:\/\/m.media-amazon.com\/images\/S\/aplus-media\/vc\/36bf2853-c0de-42b9-99ce-f06d234adb15.__CR0,0,458,458_PT0_SX220_V1___.png\">\n                     <\/p>\n<p>                      <img decoding=\"async\" alt=\"sO\" src=\"https:\/\/m.media-amazon.com\/images\/S\/aplus-media\/vc\/36bf2853-c0de-42b9-99ce-f06d234adb15.__CR0,0,458,458_PT0_SX220_V1___.png\"><\/p>\n<p> <img decoding=\"async\" alt=\"sO\" src=\"https:\/\/images-na.ssl-images-amazon.com\/images\/G\/01\/x-locale\/common\/grey-pixel.gif\" class=\"a-lazy-loaded\" data-src=\"https:\/\/m.media-amazon.com\/images\/S\/aplus-media\/vc\/ce67ba9a-6848-4c30-ad62-a3374622dbeb.__CR0,0,458,458_PT0_SX220_V1___.png\">\n                     <\/p>\n<p>                      <img decoding=\"async\" alt=\"sO\" src=\"https:\/\/m.media-amazon.com\/images\/S\/aplus-media\/vc\/ce67ba9a-6848-4c30-ad62-a3374622dbeb.__CR0,0,458,458_PT0_SX220_V1___.png\"><\/p>\n<p>                     SOFT FOAM  <\/p>\n<p class=\"a-size-small\"> Mit unserer SOFT FOAM Sohle wird das Laufen noch bequemer &#8211; und zwar den ganzen Tag \u00fcber! Daf\u00fcr sorgt eine weiche Schaumschicht zwischen Deck- und Brandsohle, die sich der Fu\u00dfform optimal und individuell anpasst. <\/p>\n<p> Auslaufartikel (Produktion durch Hersteller eingestellt) \u200f : \u200e  Nein <br \/> Verpackungsabmessungen \u200f : \u200e  30.2 x 20 x 11.8 cm; 790 Gramm <br \/> Im Angebot von Amazon.de seit \u200f : \u200e  6. September 2019 <br \/> Hersteller \u200f : \u200e  s.Oliver <br \/> ASIN \u200f : \u200e  B07XHN4X84 <br \/> Modellnummer \u200f : \u200e  5-5-23651-34 <br \/> Kategorie \u200f : \u200e  Damen <\/p>\n<p>[ad_2]<\/p>\n","protected":false},"excerpt":{"rendered":"<p>Price: [price_with_discount](as of [price_update_date] &#8211; Details) [ad_1] Produktbeschreibung des Herstellers s.Oliver \u2013 Eine Marke f\u00fcr die ganze Familie s.Oliver f\u00fcllt Ihre W\u00fcnsche mit Leben und pr\u00e4sentiert Mode f\u00fcr die gesamte<\/p>\n","protected":false},"featured_media":10490,"comment_status":"open","ping_status":"closed","template":"","meta":[],"product_cat":[230],"product_tag":[266],"class_list":{"0":"post-10489","1":"product","2":"type-product","3":"status-publish","4":"has-post-thumbnail","6":"product_cat-fashion","7":"product_tag-womens-fashion-sneakers","9":"first","10":"instock","11":"shipping-taxable","12":"product-type-external"},"aioseo_notices":[],"_links":{"self":[{"href":"https:\/\/topgetestet.de\/index.php?rest_route=\/wp\/v2\/product\/10489","targetHints":{"allow":["GET"]}}],"collection":[{"href":"https:\/\/topgetestet.de\/index.php?rest_route=\/wp\/v2\/product"}],"about":[{"href":"https:\/\/topgetestet.de\/index.php?rest_route=\/wp\/v2\/types\/product"}],"replies":[{"embeddable":true,"href":"https:\/\/topgetestet.de\/index.php?rest_route=%2Fwp%2Fv2%2Fcomments&post=10489"}],"wp:featuredmedia":[{"embeddable":true,"href":"https:\/\/topgetestet.de\/index.php?rest_route=\/wp\/v2\/media\/10490"}],"wp:attachment":[{"href":"https:\/\/topgetestet.de\/index.php?rest_route=%2Fwp%2Fv2%2Fmedia&parent=10489"}],"wp:term":[{"taxonomy":"product_cat","embeddable":true,"href":"https:\/\/topgetestet.de\/index.php?rest_route=%2Fwp%2Fv2%2Fproduct_cat&post=10489"},{"taxonomy":"product_tag","embeddable":true,"href":"https:\/\/topgetestet.de\/index.php?rest_route=%2Fwp%2Fv2%2Fproduct_tag&post=10489"}],"curies":[{"name":"wp","href":"https:\/\/api.w.org\/{rel}","templated":true}]}}