{"id":10174,"date":"2022-09-08T10:20:06","date_gmt":"2022-09-08T10:20:06","guid":{"rendered":"https:\/\/topgetestet.de\/?product=horizon-forbidden-west-playstation-5"},"modified":"2022-09-08T10:20:06","modified_gmt":"2022-09-08T10:20:06","slug":"horizon-forbidden-west-playstation-5","status":"publish","type":"product","link":"https:\/\/topgetestet.de\/?product=horizon-forbidden-west-playstation-5","title":{"rendered":"Horizon Forbidden West [PlayStation 5]"},"content":{"rendered":"<p>Price: <span style=\"color:#b12704\">[price_with_discount]<\/span><br \/><i><small>(as of [price_update_date] &#8211; <span class=\"wp_automatic_amazon_disclaimer\" title=\"Product prices and availability are accurate as of the date\/time indicated and are subject to change. Any price and availability information displayed on [relevant Amazon Site(s), as applicable] at the time of purchase will apply to the purchase of this product.\">Details<\/span>)<\/small><\/i><\/p>\n<p><a href=\"https:\/\/amazon.de\/dp\/B089ZVBHMG?tag=topgetestet09-21\"><img decoding=\"async\" src=\"https:\/\/i.imgur.com\/ISRHEWs.png\"><\/a><br \/>\n[ad_1]<br \/>\n <span>Begleite Aloy auf ihre gef\u00e4hrliche Reise durch den Verbotenen Westen, ein t\u00f6dliches Grenzgebiet, in dem geheimnisvolle, neue Bedrohungen lauern. Erkunde ferne L\u00e4nder, bek\u00e4mpfe gr\u00f6\u00dfere und furchterregendere Maschinen und triff auf \u00fcberraschend neue St\u00e4mme, wenn du in Horizons post-apokalyptische Welt der fernen Zukunft zur\u00fcckkehrst. Das Land stirbt. Grauenhafte St\u00fcrme und eine unaufhaltsame Plage suchen die verstreuten \u00dcberreste der Menschheit heim, w\u00e4hrend Furcht einfl\u00f6\u00dfende neue Maschinen an den Grenzen umherstreifen. Das Leben auf der Erde steuert auf eine erneute Ausl\u00f6schung zu und niemand wei\u00df, warum. Es liegt an Aloy, die Geheimnisse, die hinter diesen Gefahren lauern, zu enth\u00fcllen und Ordnung und Gleichgewicht in der Welt wiederherzustellen. Auf ihrem Weg muss sie mit alten Freunden zusammenarbeiten, Allianzen mit neuen kriegerischen Fraktionen eingehen und das Verm\u00e4chtnis der fernen Vergangenheit entschl\u00fcsseln \u2013und dabei einem neuen und scheinbar unbesiegbaren Feind immer einen Schritt voraus sein.<\/span> <br \/> Alterseinstufung \u200f : \u200e  USK ab 12 freigegeben <br \/> Sprache \u200f : \u200e  Deutsch <br \/> Verpackungsabmessungen \u200f : \u200e  16.8 x 13.6 x 1.4 cm; 80 Gramm <br \/> Erscheinungstermin \u200f : \u200e  18. Februar 2022 <br \/> ASIN \u200f : \u200e  B089ZVBHMG <br \/> Herstellerreferenz \u200f : \u200e  9720096 <br \/> Herkunftsland \u200f : \u200e  \u00d6sterreich <\/p>\n<p>Horizon Forbidden West f\u00fcr die PS5 bietet eine h\u00f6here Grafikqualit\u00e4t, durch die das Spiel noch sehr viel \u00e4sthetischer und realistischer wirkt als das Original der Reihe<br \/>\n<br \/>[ad_2]<\/p>\n","protected":false},"excerpt":{"rendered":"<p>Price: [price_with_discount](as of [price_update_date] &#8211; Details) [ad_1] Begleite Aloy auf ihre gef\u00e4hrliche Reise durch den Verbotenen Westen, ein t\u00f6dliches Grenzgebiet, in dem geheimnisvolle, neue Bedrohungen lauern. Erkunde ferne L\u00e4nder, bek\u00e4mpfe<\/p>\n","protected":false},"featured_media":10175,"comment_status":"open","ping_status":"closed","template":"","meta":[],"product_cat":[227],"product_tag":[261],"class_list":{"0":"post-10174","1":"product","2":"type-product","3":"status-publish","4":"has-post-thumbnail","6":"product_cat-gaming","7":"product_tag-playstation-legacy-games","9":"first","10":"instock","11":"sale","12":"shipping-taxable","13":"product-type-external"},"aioseo_notices":[],"_links":{"self":[{"href":"https:\/\/topgetestet.de\/index.php?rest_route=\/wp\/v2\/product\/10174","targetHints":{"allow":["GET"]}}],"collection":[{"href":"https:\/\/topgetestet.de\/index.php?rest_route=\/wp\/v2\/product"}],"about":[{"href":"https:\/\/topgetestet.de\/index.php?rest_route=\/wp\/v2\/types\/product"}],"replies":[{"embeddable":true,"href":"https:\/\/topgetestet.de\/index.php?rest_route=%2Fwp%2Fv2%2Fcomments&post=10174"}],"wp:featuredmedia":[{"embeddable":true,"href":"https:\/\/topgetestet.de\/index.php?rest_route=\/wp\/v2\/media\/10175"}],"wp:attachment":[{"href":"https:\/\/topgetestet.de\/index.php?rest_route=%2Fwp%2Fv2%2Fmedia&parent=10174"}],"wp:term":[{"taxonomy":"product_cat","embeddable":true,"href":"https:\/\/topgetestet.de\/index.php?rest_route=%2Fwp%2Fv2%2Fproduct_cat&post=10174"},{"taxonomy":"product_tag","embeddable":true,"href":"https:\/\/topgetestet.de\/index.php?rest_route=%2Fwp%2Fv2%2Fproduct_tag&post=10174"}],"curies":[{"name":"wp","href":"https:\/\/api.w.org\/{rel}","templated":true}]}}